{"id":1819,"date":"2021-06-16T16:44:54","date_gmt":"2021-06-16T14:44:54","guid":{"rendered":"http:\/\/eco-vignette-france.com\/?page_id=1819"},"modified":"2021-10-02T14:17:01","modified_gmt":"2021-10-02T12:17:01","slug":"home-nl","status":"publish","type":"page","link":"https:\/\/eco-vignette-france.com\/nl\/","title":{"rendered":"home nl"},"content":{"rendered":"<div data-elementor-type=\"wp-page\" data-elementor-id=\"1819\" class=\"elementor elementor-1819\">\n\t\t\t\t\t\t\t\t\t<section class=\"elementor-section elementor-top-section elementor-element elementor-element-74e340aa elementor-section-full_width elementor-section-height-min-height elementor-section-items-stretch elementor-section-height-default\" data-id=\"74e340aa\" data-element_type=\"section\" data-settings=\"{&quot;background_background&quot;:&quot;classic&quot;}\">\n\t\t\t\t\t\t\t<div class=\"elementor-background-overlay\"><\/div>\n\t\t\t\t\t\t\t<div class=\"elementor-container elementor-column-gap-default\">\n\t\t\t\t\t<div class=\"elementor-column elementor-col-100 elementor-top-column elementor-element elementor-element-43d6539f\" data-id=\"43d6539f\" data-element_type=\"column\">\n\t\t\t<div class=\"elementor-widget-wrap elementor-element-populated\">\n\t\t\t\t\t\t\t\t<div class=\"elementor-element elementor-element-195b8c64 elementor-invisible elementor-widget elementor-widget-heading\" data-id=\"195b8c64\" data-element_type=\"widget\" data-settings=\"{&quot;_animation&quot;:&quot;fadeInDown&quot;}\" data-widget_type=\"heading.default\">\n\t\t\t\t<div class=\"elementor-widget-container\">\n\t\t\t<h1 class=\"elementor-heading-title elementor-size-default\">Anti-vervuilingsbadge voor buitenlandse voertuigen<\/h1>\t\t<\/div>\n\t\t\t\t<\/div>\n\t\t\t\t\t<\/div>\n\t\t<\/div>\n\t\t\t\t\t\t\t<\/div>\n\t\t<\/section>\n\t\t\t\t<section class=\"elementor-section elementor-top-section elementor-element elementor-element-48163cae elementor-section-boxed elementor-section-height-default elementor-section-height-default\" data-id=\"48163cae\" data-element_type=\"section\" data-settings=\"{&quot;background_background&quot;:&quot;classic&quot;}\">\n\t\t\t\t\t\t<div class=\"elementor-container elementor-column-gap-default\">\n\t\t\t\t\t<div class=\"elementor-column elementor-col-50 elementor-top-column elementor-element elementor-element-1367fb52\" data-id=\"1367fb52\" data-element_type=\"column\" data-settings=\"{&quot;background_background&quot;:&quot;classic&quot;}\">\n\t\t\t<div class=\"elementor-widget-wrap elementor-element-populated\">\n\t\t\t\t\t\t\t\t<section class=\"elementor-section elementor-inner-section elementor-element elementor-element-58565dd0 elementor-section-height-min-height elementor-section-boxed elementor-section-height-default\" data-id=\"58565dd0\" data-element_type=\"section\" data-settings=\"{&quot;background_background&quot;:&quot;classic&quot;}\">\n\t\t\t\t\t\t\t<div class=\"elementor-background-overlay\"><\/div>\n\t\t\t\t\t\t\t<div class=\"elementor-container elementor-column-gap-default\">\n\t\t\t\t\t<div class=\"elementor-column elementor-col-100 elementor-inner-column elementor-element elementor-element-2dfcf2f0\" data-id=\"2dfcf2f0\" data-element_type=\"column\" data-settings=\"{&quot;background_background&quot;:&quot;classic&quot;}\">\n\t\t\t<div class=\"elementor-widget-wrap elementor-element-populated\">\n\t\t\t\t\t\t\t\t\t<\/div>\n\t\t<\/div>\n\t\t\t\t\t\t\t<\/div>\n\t\t<\/section>\n\t\t\t\t\t<\/div>\n\t\t<\/div>\n\t\t\t\t<div class=\"elementor-column elementor-col-50 elementor-top-column elementor-element elementor-element-72a0b679\" data-id=\"72a0b679\" data-element_type=\"column\">\n\t\t\t<div class=\"elementor-widget-wrap elementor-element-populated\">\n\t\t\t\t\t\t\t\t<div class=\"elementor-element elementor-element-8f58af2 elementor-widget elementor-widget-heading\" data-id=\"8f58af2\" data-element_type=\"widget\" data-widget_type=\"heading.default\">\n\t\t\t\t<div class=\"elementor-widget-container\">\n\t\t\t<h2 class=\"elementor-heading-title elementor-size-default\">Alles wat u moet weten over de anti-vervuilingsbadge<\/h2>\t\t<\/div>\n\t\t\t\t<\/div>\n\t\t\t\t<div class=\"elementor-element elementor-element-05aaa19 elementor-widget-divider--view-line elementor-widget elementor-widget-divider\" data-id=\"05aaa19\" data-element_type=\"widget\" data-widget_type=\"divider.default\">\n\t\t\t\t<div class=\"elementor-widget-container\">\n\t\t\t\t\t<div class=\"elementor-divider\">\n\t\t\t<span class=\"elementor-divider-separator\">\n\t\t\t\t\t\t<\/span>\n\t\t<\/div>\n\t\t\t\t<\/div>\n\t\t\t\t<\/div>\n\t\t\t\t<div class=\"elementor-element elementor-element-4b41a68 elementor-widget elementor-widget-text-editor\" data-id=\"4b41a68\" data-element_type=\"widget\" data-widget_type=\"text-editor.default\">\n\t\t\t\t<div class=\"elementor-widget-container\">\n\t\t\t\t\t\t\t<div class=\"sec-title\"><div class=\"dector thm-bg-clr\">Ga je binnenkort naar Frankrijk? Bestel de Crit&rsquo;Air milieusticker met een paar klikken en u ontvangt snel een voorlopig attest per e-mail. De sticker wordt op het voertuig geplakt en is geldig in heel Frankrijk. Bestel ze van tevoren als je in Duitsland woont.<\/div><\/div>\t\t\t\t\t\t<\/div>\n\t\t\t\t<\/div>\n\t\t\t\t\t<\/div>\n\t\t<\/div>\n\t\t\t\t\t\t\t<\/div>\n\t\t<\/section>\n\t\t\t\t<section class=\"elementor-section elementor-top-section elementor-element elementor-element-611c4726 elementor-section-boxed elementor-section-height-default elementor-section-height-default\" data-id=\"611c4726\" data-element_type=\"section\" data-settings=\"{&quot;background_background&quot;:&quot;classic&quot;}\">\n\t\t\t\t\t\t\t<div class=\"elementor-background-overlay\"><\/div>\n\t\t\t\t\t\t\t<div class=\"elementor-container elementor-column-gap-default\">\n\t\t\t\t\t<div class=\"elementor-column elementor-col-50 elementor-top-column elementor-element elementor-element-0279496\" data-id=\"0279496\" data-element_type=\"column\">\n\t\t\t<div class=\"elementor-widget-wrap elementor-element-populated\">\n\t\t\t\t\t\t\t\t<div class=\"elementor-element elementor-element-bd191b4 elementor-widget elementor-widget-heading\" data-id=\"bd191b4\" data-element_type=\"widget\" data-widget_type=\"heading.default\">\n\t\t\t\t<div class=\"elementor-widget-container\">\n\t\t\t<h2 class=\"elementor-heading-title elementor-size-default\">De boetes<\/h2>\t\t<\/div>\n\t\t\t\t<\/div>\n\t\t\t\t<div class=\"elementor-element elementor-element-81cd707 elementor-widget-divider--view-line elementor-widget elementor-widget-divider\" data-id=\"81cd707\" data-element_type=\"widget\" data-widget_type=\"divider.default\">\n\t\t\t\t<div class=\"elementor-widget-container\">\n\t\t\t\t\t<div class=\"elementor-divider\">\n\t\t\t<span class=\"elementor-divider-separator\">\n\t\t\t\t\t\t<\/span>\n\t\t<\/div>\n\t\t\t\t<\/div>\n\t\t\t\t<\/div>\n\t\t\t\t<div class=\"elementor-element elementor-element-10ef745 elementor-widget elementor-widget-text-editor\" data-id=\"10ef745\" data-element_type=\"widget\" data-widget_type=\"text-editor.default\">\n\t\t\t\t<div class=\"elementor-widget-container\">\n\t\t\t\t\t\t\t<div class=\"sec-title\"><div class=\"dector thm-bg-clr\"><p>Als u geen geldige badge kunt tonen of als deze op de verkeerde plaats staat, riskeert u een boete van \u20ac 68 als u binnen 45 dagen betaalt of \u20ac 45 als u direct ter plaatse betaalt (kleine boete).<\/p><p>Als u te laat betaalt, kan de boete oplopen tot \u20ac 180 (verhoogde boete).<\/p><\/div><\/div>\t\t\t\t\t\t<\/div>\n\t\t\t\t<\/div>\n\t\t\t\t\t<\/div>\n\t\t<\/div>\n\t\t\t\t<div class=\"elementor-column elementor-col-50 elementor-top-column elementor-element elementor-element-5145684a\" data-id=\"5145684a\" data-element_type=\"column\" data-settings=\"{&quot;background_background&quot;:&quot;classic&quot;}\">\n\t\t\t<div class=\"elementor-widget-wrap elementor-element-populated\">\n\t\t\t\t\t\t\t\t<div class=\"elementor-element elementor-element-19d03da9 elementor-widget elementor-widget-image\" data-id=\"19d03da9\" data-element_type=\"widget\" data-widget_type=\"image.default\">\n\t\t\t\t<div class=\"elementor-widget-container\">\n\t\t\t\t\t\t\t\t\t\t\t\t\t\t\t<img width=\"592\" height=\"421\" src=\"https:\/\/eco-vignette-france.com\/wp-content\/uploads\/2021\/05\/certif_vignette-.png\" class=\"attachment-full size-full\" alt=\"\" loading=\"lazy\" srcset=\"https:\/\/eco-vignette-france.com\/wp-content\/uploads\/2021\/05\/certif_vignette-.png 592w, https:\/\/eco-vignette-france.com\/wp-content\/uploads\/2021\/05\/certif_vignette--450x320.png 450w, https:\/\/eco-vignette-france.com\/wp-content\/uploads\/2021\/05\/certif_vignette--300x213.png 300w\" sizes=\"(max-width: 592px) 100vw, 592px\" style=\"width:100%;height:71.11%;max-width:592px\" \/>\t\t\t\t\t\t\t\t\t\t\t\t\t\t\t<\/div>\n\t\t\t\t<\/div>\n\t\t\t\t\t<\/div>\n\t\t<\/div>\n\t\t\t\t\t\t\t<\/div>\n\t\t<\/section>\n\t\t\t\t<section class=\"elementor-section elementor-top-section elementor-element elementor-element-83b196b elementor-section-content-middle elementor-section-full_width elementor-section-height-default elementor-section-height-default\" data-id=\"83b196b\" data-element_type=\"section\" data-settings=\"{&quot;background_background&quot;:&quot;classic&quot;}\">\n\t\t\t\t\t\t<div class=\"elementor-container elementor-column-gap-wide\">\n\t\t\t\t\t<div class=\"elementor-column elementor-col-100 elementor-top-column elementor-element elementor-element-4006b69\" data-id=\"4006b69\" data-element_type=\"column\">\n\t\t\t<div class=\"elementor-widget-wrap elementor-element-populated\">\n\t\t\t\t\t\t\t\t<div class=\"elementor-element elementor-element-037c273 elementor-widget elementor-widget-text-editor\" data-id=\"037c273\" data-element_type=\"widget\" data-widget_type=\"text-editor.default\">\n\t\t\t\t<div class=\"elementor-widget-container\">\n\t\t\t\t\t\t\t<div class=\"sec-title\"><div class=\"dector thm-bg-clr\"><p>De politie heeft de bevoegdheid om boetes op te leggen voor voertuigen die deelnemen aan het verkeer en ook voor geparkeerde voertuigen, voor een bedrag van 68 \u20ac voor kleinere voertuigen en 135 \u20ac voor grotere voertuigen.<\/p><p>Let op: Als uw voertuig geen Crit&rsquo;Air-badge heeft, kan dit resulteren in een boete.<\/p><\/div><\/div>\t\t\t\t\t\t<\/div>\n\t\t\t\t<\/div>\n\t\t\t\t<div class=\"elementor-element elementor-element-39fba1f elementor-widget elementor-widget-heading\" data-id=\"39fba1f\" data-element_type=\"widget\" data-widget_type=\"heading.default\">\n\t\t\t\t<div class=\"elementor-widget-container\">\n\t\t\t<h3 class=\"elementor-heading-title elementor-size-default\">Rust nu uw voertuig uit met de Crit'Air-sticker<\/h3>\t\t<\/div>\n\t\t\t\t<\/div>\n\t\t\t\t<div class=\"elementor-element elementor-element-a5c2e9b elementor-widget-divider--view-line elementor-widget elementor-widget-divider\" data-id=\"a5c2e9b\" data-element_type=\"widget\" data-widget_type=\"divider.default\">\n\t\t\t\t<div class=\"elementor-widget-container\">\n\t\t\t\t\t<div class=\"elementor-divider\">\n\t\t\t<span class=\"elementor-divider-separator\">\n\t\t\t\t\t\t<\/span>\n\t\t<\/div>\n\t\t\t\t<\/div>\n\t\t\t\t<\/div>\n\t\t\t\t<div class=\"elementor-element elementor-element-a3844c0 elementor-align-center elementor-invisible elementor-widget elementor-widget-button\" data-id=\"a3844c0\" data-element_type=\"widget\" data-settings=\"{&quot;_animation&quot;:&quot;fadeInUp&quot;,&quot;_animation_delay&quot;:200}\" data-widget_type=\"button.default\">\n\t\t\t\t<div class=\"elementor-widget-container\">\n\t\t\t\t\t<div class=\"elementor-button-wrapper\">\n\t\t\t<a href=\"http:\/\/eco-vignette-france.com\/nl\/product\/voertuigen-geregistreerd-in-het-belgisch-zwitsers-en-luxemburgs\/\" class=\"elementor-button-link elementor-button elementor-size-md elementor-animation-grow\" role=\"button\">\n\t\t\t\t\t\t<span class=\"elementor-button-content-wrapper\">\n\t\t\t\t\t\t<span class=\"elementor-button-text\">Ik koop de sticker<\/span>\n\t\t<\/span>\n\t\t\t\t\t<\/a>\n\t\t<\/div>\n\t\t\t\t<\/div>\n\t\t\t\t<\/div>\n\t\t\t\t\t<\/div>\n\t\t<\/div>\n\t\t\t\t\t\t\t<\/div>\n\t\t<\/section>\n\t\t\t\t\t\t\t<\/div>","protected":false},"excerpt":{"rendered":"<p>Anti-vervuilingsbadge voor buitenlandse voertuigen Alles wat u moet weten over de anti-vervuilingsbadge Ga je binnenkort naar Frankrijk? Bestel de Crit&rsquo;Air milieusticker met een paar klikken en u ontvangt snel een voorlopig attest per e-mail. De sticker wordt op het voertuig geplakt en is geldig in heel Frankrijk. Bestel ze van tevoren als je in Duitsland&hellip; <a class=\"more-link\" href=\"https:\/\/eco-vignette-france.com\/nl\/\">Lees verder <span class=\"screen-reader-text\">home nl<\/span><\/a><\/p>","protected":false},"author":1,"featured_media":0,"parent":0,"menu_order":0,"comment_status":"closed","ping_status":"closed","template":"","meta":[],"yoast_head":"<!-- This site is optimized with the Yoast SEO plugin v18.5.1 - https:\/\/yoast.com\/wordpress\/plugins\/seo\/ -->\n<title>home nl - Vignette Crit&#039;Air<\/title>\n<meta name=\"description\" content=\"Die Crit&#039;Air Umweltplakette ist in Frankreich Pflichtf\u00fcr ausl\u00e4ndische Fahrzeuge. Erhalten Sie schnell eine vorl\u00e4ufige Bescheinigung online\" \/>\n<meta name=\"robots\" content=\"index, follow, max-snippet:-1, max-image-preview:large, max-video-preview:-1\" \/>\n<link rel=\"canonical\" href=\"https:\/\/eco-vignette-france.com\/nl\/\" \/>\n<meta property=\"og:locale\" content=\"nl_NL\" \/>\n<meta property=\"og:type\" content=\"article\" \/>\n<meta property=\"og:title\" content=\"home nl - Vignette Crit&#039;Air\" \/>\n<meta property=\"og:description\" content=\"Die Crit&#039;Air Umweltplakette ist in Frankreich Pflichtf\u00fcr ausl\u00e4ndische Fahrzeuge. Erhalten Sie schnell eine vorl\u00e4ufige Bescheinigung online\" \/>\n<meta property=\"og:url\" content=\"https:\/\/eco-vignette-france.com\/nl\/\" \/>\n<meta property=\"og:site_name\" content=\"Vignette Crit&#039;Air\" \/>\n<meta property=\"article:modified_time\" content=\"2021-10-02T12:17:01+00:00\" \/>\n<meta property=\"og:image\" content=\"http:\/\/eco-vignette-france.com\/wp-content\/uploads\/2021\/05\/certif_vignette-.png\" \/>\n<meta name=\"twitter:card\" content=\"summary_large_image\" \/>\n<meta name=\"twitter:label1\" content=\"Verwachte leestijd\" \/>\n\t<meta name=\"twitter:data1\" content=\"1 minuut\" \/>\n<script type=\"application\/ld+json\" class=\"yoast-schema-graph\">{\"@context\":\"https:\/\/schema.org\",\"@graph\":[{\"@type\":\"WebSite\",\"@id\":\"https:\/\/eco-vignette-france.com\/#website\",\"url\":\"https:\/\/eco-vignette-france.com\/\",\"name\":\"Vignette Crit&#039;Air\",\"description\":\"Un site utilisant WordPress\",\"potentialAction\":[{\"@type\":\"SearchAction\",\"target\":{\"@type\":\"EntryPoint\",\"urlTemplate\":\"https:\/\/eco-vignette-france.com\/?s={search_term_string}\"},\"query-input\":\"required name=search_term_string\"}],\"inLanguage\":\"nl\"},{\"@type\":\"ImageObject\",\"@id\":\"https:\/\/eco-vignette-france.com\/nl\/#primaryimage\",\"inLanguage\":\"nl\",\"url\":\"http:\/\/eco-vignette-france.com\/wp-content\/uploads\/2021\/05\/certif_vignette-.png\",\"contentUrl\":\"http:\/\/eco-vignette-france.com\/wp-content\/uploads\/2021\/05\/certif_vignette-.png\"},{\"@type\":\"WebPage\",\"@id\":\"https:\/\/eco-vignette-france.com\/nl\/#webpage\",\"url\":\"https:\/\/eco-vignette-france.com\/nl\/\",\"name\":\"home nl - Vignette Crit&#039;Air\",\"isPartOf\":{\"@id\":\"https:\/\/eco-vignette-france.com\/#website\"},\"primaryImageOfPage\":{\"@id\":\"https:\/\/eco-vignette-france.com\/nl\/#primaryimage\"},\"datePublished\":\"2021-06-16T14:44:54+00:00\",\"dateModified\":\"2021-10-02T12:17:01+00:00\",\"description\":\"Die Crit'Air Umweltplakette ist in Frankreich Pflichtf\u00fcr ausl\u00e4ndische Fahrzeuge. Erhalten Sie schnell eine vorl\u00e4ufige Bescheinigung online\",\"breadcrumb\":{\"@id\":\"https:\/\/eco-vignette-france.com\/nl\/#breadcrumb\"},\"inLanguage\":\"nl\",\"potentialAction\":[{\"@type\":\"ReadAction\",\"target\":[\"https:\/\/eco-vignette-france.com\/nl\/\"]}]},{\"@type\":\"BreadcrumbList\",\"@id\":\"https:\/\/eco-vignette-france.com\/nl\/#breadcrumb\",\"itemListElement\":[{\"@type\":\"ListItem\",\"position\":1,\"name\":\"Home\",\"item\":\"https:\/\/eco-vignette-france.com\/nl\/\"},{\"@type\":\"ListItem\",\"position\":2,\"name\":\"home nl\"}]}]}<\/script>\n<!-- \/ Yoast SEO plugin. -->","yoast_head_json":{"title":"home nl - Vignette Crit&#039;Air","description":"Die Crit'Air Umweltplakette ist in Frankreich Pflichtf\u00fcr ausl\u00e4ndische Fahrzeuge. Erhalten Sie schnell eine vorl\u00e4ufige Bescheinigung online","robots":{"index":"index","follow":"follow","max-snippet":"max-snippet:-1","max-image-preview":"max-image-preview:large","max-video-preview":"max-video-preview:-1"},"canonical":"https:\/\/eco-vignette-france.com\/nl\/","og_locale":"nl_NL","og_type":"article","og_title":"home nl - Vignette Crit&#039;Air","og_description":"Die Crit'Air Umweltplakette ist in Frankreich Pflichtf\u00fcr ausl\u00e4ndische Fahrzeuge. Erhalten Sie schnell eine vorl\u00e4ufige Bescheinigung online","og_url":"https:\/\/eco-vignette-france.com\/nl\/","og_site_name":"Vignette Crit&#039;Air","article_modified_time":"2021-10-02T12:17:01+00:00","og_image":[{"url":"http:\/\/eco-vignette-france.com\/wp-content\/uploads\/2021\/05\/certif_vignette-.png"}],"twitter_card":"summary_large_image","twitter_misc":{"Verwachte leestijd":"1 minuut"},"schema":{"@context":"https:\/\/schema.org","@graph":[{"@type":"WebSite","@id":"https:\/\/eco-vignette-france.com\/#website","url":"https:\/\/eco-vignette-france.com\/","name":"Vignette Crit&#039;Air","description":"Un site utilisant WordPress","potentialAction":[{"@type":"SearchAction","target":{"@type":"EntryPoint","urlTemplate":"https:\/\/eco-vignette-france.com\/?s={search_term_string}"},"query-input":"required name=search_term_string"}],"inLanguage":"nl"},{"@type":"ImageObject","@id":"https:\/\/eco-vignette-france.com\/nl\/#primaryimage","inLanguage":"nl","url":"http:\/\/eco-vignette-france.com\/wp-content\/uploads\/2021\/05\/certif_vignette-.png","contentUrl":"http:\/\/eco-vignette-france.com\/wp-content\/uploads\/2021\/05\/certif_vignette-.png"},{"@type":"WebPage","@id":"https:\/\/eco-vignette-france.com\/nl\/#webpage","url":"https:\/\/eco-vignette-france.com\/nl\/","name":"home nl - Vignette Crit&#039;Air","isPartOf":{"@id":"https:\/\/eco-vignette-france.com\/#website"},"primaryImageOfPage":{"@id":"https:\/\/eco-vignette-france.com\/nl\/#primaryimage"},"datePublished":"2021-06-16T14:44:54+00:00","dateModified":"2021-10-02T12:17:01+00:00","description":"Die Crit'Air Umweltplakette ist in Frankreich Pflichtf\u00fcr ausl\u00e4ndische Fahrzeuge. Erhalten Sie schnell eine vorl\u00e4ufige Bescheinigung online","breadcrumb":{"@id":"https:\/\/eco-vignette-france.com\/nl\/#breadcrumb"},"inLanguage":"nl","potentialAction":[{"@type":"ReadAction","target":["https:\/\/eco-vignette-france.com\/nl\/"]}]},{"@type":"BreadcrumbList","@id":"https:\/\/eco-vignette-france.com\/nl\/#breadcrumb","itemListElement":[{"@type":"ListItem","position":1,"name":"Home","item":"https:\/\/eco-vignette-france.com\/nl\/"},{"@type":"ListItem","position":2,"name":"home nl"}]}]}},"lang":"nl","translations":{"fr":111,"nl":1819},"_links":{"self":[{"href":"https:\/\/eco-vignette-france.com\/nl\/wp-json\/wp\/v2\/pages\/1819"}],"collection":[{"href":"https:\/\/eco-vignette-france.com\/nl\/wp-json\/wp\/v2\/pages"}],"about":[{"href":"https:\/\/eco-vignette-france.com\/nl\/wp-json\/wp\/v2\/types\/page"}],"author":[{"embeddable":true,"href":"https:\/\/eco-vignette-france.com\/nl\/wp-json\/wp\/v2\/users\/1"}],"replies":[{"embeddable":true,"href":"https:\/\/eco-vignette-france.com\/nl\/wp-json\/wp\/v2\/comments?post=1819"}],"version-history":[{"count":0,"href":"https:\/\/eco-vignette-france.com\/nl\/wp-json\/wp\/v2\/pages\/1819\/revisions"}],"wp:attachment":[{"href":"https:\/\/eco-vignette-france.com\/nl\/wp-json\/wp\/v2\/media?parent=1819"}],"curies":[{"name":"wp","href":"https:\/\/api.w.org\/{rel}","templated":true}]}}